{"id":1227,"date":"2025-04-29T15:58:22","date_gmt":"2025-04-29T14:58:22","guid":{"rendered":"https:\/\/helsinn-demo.it\/?page_id=1227"},"modified":"2025-05-20T13:59:37","modified_gmt":"2025-05-20T12:59:37","slug":"pain-and-inflammation","status":"publish","type":"page","link":"https:\/\/helsinn-demo.it\/en_us\/technology\/therapeutic-areas\/pain-and-inflammation\/","title":{"rendered":"Pain and inflammation"},"content":{"rendered":"<div data-elementor-type=\"wp-page\" data-elementor-id=\"1227\" class=\"elementor elementor-1227\" data-elementor-post-type=\"page\">\n\t\t\t\t<div class=\"elementor-element elementor-element-2a78f9a1 e-flex e-con-boxed e-con e-parent\" data-id=\"2a78f9a1\" data-element_type=\"container\">\n\t\t\t\t\t<div class=\"e-con-inner\">\n\t\t<div class=\"elementor-element elementor-element-4e7ed80d e-con-full e-flex e-con e-child\" data-id=\"4e7ed80d\" data-element_type=\"container\">\n\t\t<div class=\"elementor-element elementor-element-d9eda2e e-con-full e-flex e-con e-child\" data-id=\"d9eda2e\" data-element_type=\"container\">\n\t\t\t\t<div class=\"elementor-element elementor-element-bf295dc elementor-widget__width-initial elementor-widget-mobile__width-inherit elementor-widget elementor-widget-heading\" data-id=\"bf295dc\" data-element_type=\"widget\" data-widget_type=\"heading.default\">\n\t\t\t\t<div class=\"elementor-widget-container\">\n\t\t\t\t\t<h1 class=\"elementor-heading-title elementor-size-default\">Pain and inflammation<\/h1>\t\t\t\t<\/div>\n\t\t\t\t<\/div>\n\t\t\t\t<\/div>\n\t\t\t\t<\/div>\n\t\t\t\t\t<\/div>\n\t\t\t\t<\/div>\n\t\t<div class=\"elementor-element elementor-element-1ef5ca4f e-flex e-con-boxed e-con e-parent\" data-id=\"1ef5ca4f\" data-element_type=\"container\" data-settings=\"{&quot;background_background&quot;:&quot;classic&quot;}\">\n\t\t\t\t\t<div class=\"e-con-inner\">\n\t\t<div class=\"elementor-element elementor-element-481d9dfd e-con-full e-flex e-con e-child\" data-id=\"481d9dfd\" data-element_type=\"container\">\n\t\t\t\t<div class=\"elementor-element elementor-element-d38d4cb elementor-widget elementor-widget-text-editor\" data-id=\"d38d4cb\" data-element_type=\"widget\" data-widget_type=\"text-editor.default\">\n\t\t\t\t<div class=\"elementor-widget-container\">\n\t\t\t\t\t\t\t\t\t<p>Pain can be broadly divided into three classes:<\/p><ol><li><strong>Nociceptive pain<\/strong>\u00a0represents the sensation associated with the detection of potentially tissue-damaging noxious stimuli and is protective.<\/li><li><strong>Inflammatory pain<\/strong>\u00a0is associated with tissue damage and the infiltration of immune cells and can promote repair by causing pain hypersensitivity.<\/li><li><strong>Pathological pain<\/strong>\u00a0is a disease state caused by damage to the nervous system (neuropathic) or by its abnormal function (dysfunctional).<\/li><\/ol><p>Pain is one of the leading causes for primary care consultations. While acute pain serves as a warning signal of a disease or a threat to the body and is expected to resolve itself within the normal anticipated healing period, chronic pain persists despite the fact that the initial injury \u2013 if there was one at all \u2013 has healed. Unrelieved or undertreated acute pain, however, can lead to chronic pain.<\/p><p>Pharmacologic management is the cornerstone of both acute and chronic pain management. Particularly for acute pain treatment, nonsteroidal anti-inflammatory drugs (NSAIDs) are among the most often used analgesic agents. NSAIDs are a chemically diverse group of drugs that share more or less the same therapeutic anti-inflammatory, analgesic, antipyretic and \u2013 with the exception of the COX-2-selective agents \u2013 platelet-inhibitory properties.<\/p>\t\t\t\t\t\t\t\t<\/div>\n\t\t\t\t<\/div>\n\t\t\t\t<\/div>\n\t\t\t\t\t<\/div>\n\t\t\t\t<\/div>\n\t\t<div class=\"elementor-element elementor-element-db48448 e-flex e-con-boxed e-con e-parent\" data-id=\"db48448\" data-element_type=\"container\" data-settings=\"{&quot;background_background&quot;:&quot;classic&quot;}\">\n\t\t\t\t\t<div class=\"e-con-inner\">\n\t\t<div class=\"elementor-element elementor-element-208bc8 e-con-full e-flex e-con e-child\" data-id=\"208bc8\" data-element_type=\"container\">\n\t\t\t\t<div class=\"elementor-element elementor-element-2d973fb6 elementor-widget elementor-widget-heading\" data-id=\"2d973fb6\" data-element_type=\"widget\" data-widget_type=\"heading.default\">\n\t\t\t\t<div class=\"elementor-widget-container\">\n\t\t\t\t\t<h2 class=\"elementor-heading-title elementor-size-default\">References:\n<\/h2>\t\t\t\t<\/div>\n\t\t\t\t<\/div>\n\t\t\t\t<div class=\"elementor-element elementor-element-58b0b0e5 elementor-widget elementor-widget-text-editor\" data-id=\"58b0b0e5\" data-element_type=\"widget\" data-widget_type=\"text-editor.default\">\n\t\t\t\t<div class=\"elementor-widget-container\">\n\t\t\t\t\t\t\t\t\tH.G. Kress, A. Baltov, A. Basi\u0144ski, F. Berghea, J. Castellsague, C. Codreanu, E. Copaciu, M.A. Giamberardino, M. Hakl, L. Hrazdira, M. Kokavec, J. Lej\u010dko, L. Nachtnebl, R. Stan\u010d\u00edk, A. \u0160vec, T. T\u00f3th, M.V. Vlaskovska &#038; J. Woro\u0144 (2016) Acute pain: a multifaceted challenge \u2013 the role of nimesulide, Current Medical Research and\t\t\t\t\t\t\t\t<\/div>\n\t\t\t\t<\/div>\n\t\t\t\t<\/div>\n\t\t\t\t\t<\/div>\n\t\t\t\t<\/div>\n\t\t\t\t<\/div>","protected":false},"excerpt":{"rendered":"<p>Pain and inflammation Pain can be broadly divided into three classes: Nociceptive pain\u00a0represents the sensation associated with the detection of potentially tissue-damaging noxious stimuli and is protective. Inflammatory pain\u00a0is associated with tissue damage and the infiltration of immune cells and can promote repair by causing pain hypersensitivity. Pathological pain\u00a0is a disease state caused by damage [&hellip;]<\/p>","protected":false},"author":1,"featured_media":0,"parent":1218,"menu_order":4,"comment_status":"closed","ping_status":"closed","template":"elementor_header_footer","meta":{"_acf_changed":false,"footnotes":""},"class_list":["post-1227","page","type-page","status-publish","hentry"],"acf":[],"_links":{"self":[{"href":"https:\/\/helsinn-demo.it\/en_us\/wp-json\/wp\/v2\/pages\/1227","targetHints":{"allow":["GET"]}}],"collection":[{"href":"https:\/\/helsinn-demo.it\/en_us\/wp-json\/wp\/v2\/pages"}],"about":[{"href":"https:\/\/helsinn-demo.it\/en_us\/wp-json\/wp\/v2\/types\/page"}],"author":[{"embeddable":true,"href":"https:\/\/helsinn-demo.it\/en_us\/wp-json\/wp\/v2\/users\/1"}],"replies":[{"embeddable":true,"href":"https:\/\/helsinn-demo.it\/en_us\/wp-json\/wp\/v2\/comments?post=1227"}],"version-history":[{"count":4,"href":"https:\/\/helsinn-demo.it\/en_us\/wp-json\/wp\/v2\/pages\/1227\/revisions"}],"predecessor-version":[{"id":1511,"href":"https:\/\/helsinn-demo.it\/en_us\/wp-json\/wp\/v2\/pages\/1227\/revisions\/1511"}],"up":[{"embeddable":true,"href":"https:\/\/helsinn-demo.it\/en_us\/wp-json\/wp\/v2\/pages\/1218"}],"wp:attachment":[{"href":"https:\/\/helsinn-demo.it\/en_us\/wp-json\/wp\/v2\/media?parent=1227"}],"curies":[{"name":"wp","href":"https:\/\/api.w.org\/{rel}","templated":true}]}}